





{"id":224,"date":"2018-05-25T09:07:05","date_gmt":"2018-05-25T07:07:05","guid":{"rendered":"https:\/\/cobcm.net\/vue\/?page_id=224"},"modified":"2018-10-08T01:03:42","modified_gmt":"2018-10-07T23:03:42","slug":"servicios","status":"publish","type":"page","link":"https:\/\/cobcm.net\/vue\/servicios\/","title":{"rendered":"Servicios"},"content":{"rendered":"<p>La mayor\u00eda de los servicios de Ventanilla \u00danica del COBCM est\u00e1n habilitados para colegiados. Para poder acceder a ellos necesitas estar identificado con tu usuario y contrase\u00f1a personal.<\/p>\n<p>Si es la primera vez que accedes o no recuerdas tu contrase\u00f1a puedes renovarla indicando tu nombre de usuario (DNI) en la caja de \u00abRenovar Contrase\u00f1a\u00bb situada en la portada: <a href=\"https:\/\/cobcm.net\/vue\/\">[Inicio]<\/a><\/p>\n<p>Para tener un usuario en la aplicaci\u00f3n es necesario disponer de un correo electr\u00f3nico y comunicarlo al COBCM previamente.<\/p>\n<p>En caso de que tengas alguna incidencia o dificultad con el acceso puedes escribir un correo a <em>cobcm [ @ ] cobcm . net<\/em> o bien al servicio de soporte de la herramienta a <em>soporte [ @ ] cdys . net<\/em><\/p>\n","protected":false},"excerpt":{"rendered":"<p>La mayor\u00eda de los servicios de Ventanilla \u00danica del COBCM est\u00e1n habilitados para colegiados. Para poder acceder a ellos necesitas estar identificado con tu usuario y contrase\u00f1a personal. Si es la primera vez que accedes o no recuerdas tu contrase\u00f1a puedes renovarla indicando tu nombre de usuario (DNI) en la caja de \u00abRenovar Contrase\u00f1a\u00bb situada &hellip; <a href=\"https:\/\/cobcm.net\/vue\/servicios\/\" class=\"more-link\">Continue reading<span class=\"screen-reader-text\"> \u00abServicios\u00bb<\/span><\/a><\/p>\n","protected":false},"author":1,"featured_media":0,"parent":0,"menu_order":0,"comment_status":"closed","ping_status":"closed","template":"","meta":{"_acf_changed":false,"footnotes":""},"class_list":["post-224","page","type-page","status-publish","hentry"],"acf":[],"_links":{"self":[{"href":"https:\/\/cobcm.net\/vue\/wp-json\/wp\/v2\/pages\/224"}],"collection":[{"href":"https:\/\/cobcm.net\/vue\/wp-json\/wp\/v2\/pages"}],"about":[{"href":"https:\/\/cobcm.net\/vue\/wp-json\/wp\/v2\/types\/page"}],"author":[{"embeddable":true,"href":"https:\/\/cobcm.net\/vue\/wp-json\/wp\/v2\/users\/1"}],"replies":[{"embeddable":true,"href":"https:\/\/cobcm.net\/vue\/wp-json\/wp\/v2\/comments?post=224"}],"version-history":[{"count":2,"href":"https:\/\/cobcm.net\/vue\/wp-json\/wp\/v2\/pages\/224\/revisions"}],"predecessor-version":[{"id":876,"href":"https:\/\/cobcm.net\/vue\/wp-json\/wp\/v2\/pages\/224\/revisions\/876"}],"wp:attachment":[{"href":"https:\/\/cobcm.net\/vue\/wp-json\/wp\/v2\/media?parent=224"}],"curies":[{"name":"wp","href":"https:\/\/api.w.org\/{rel}","templated":true}]}}