





{"id":24,"date":"2018-05-21T14:35:41","date_gmt":"2018-05-21T14:35:41","guid":{"rendered":"https:\/\/cobcm.net\/vue\/login\/"},"modified":"2019-08-28T13:13:51","modified_gmt":"2019-08-28T11:13:51","slug":"login","status":"publish","type":"page","link":"https:\/\/cobcm.net\/vue\/","title":{"rendered":"Acceder"},"content":{"rendered":"<div>\t\t<script>\r\n\t\t\tfunction closeMessage(){jQuery('.error_wid_login').hide();}\r\n\t\t\tjQuery(document).ready(function () {\r\n\t\t\t\tjQuery('#login').validate({ errorClass: \"lw-error\" });\r\n\t\t\t});\r\n\t\t<\/script>\r\n\t\r\n<div class=\"login-wrap\">\r\n\r\n\t<div id=\"login-form\" class=\"login-form \">\r\n\r\n\t\t\r\n\t\t\r\n\t\t<form name=\"login\" id=\"login\" method=\"post\" action=\"\" autocomplete=\"off\" >\r\n\r\n\t\t\r\n\t\t<input type=\"hidden\" name=\"option\" value=\"ap_user_login\" \/>\r\n\t\t<input type=\"hidden\" name=\"redirect\" value=\"https:\/\/cobcm.net\/vue\/servicios\/\" \/>\r\n\t\t<div class=\"log-form-group\">\r\n\t\t\t<label for=\"userusername\">Nombre de usuario <\/label>\r\n\t\t\t<input type=\"text\" name=\"userusername\" id=\"userusername\" title=\"Please enter username\"  required\/>\r\n\t\t<\/div>\r\n\t\t<div class=\"log-form-group\">\r\n\t\t\t<label for=\"userpassword\">Contrase\u00f1a <\/label>\r\n\t\t\t<input type=\"password\" name=\"userpassword\" id=\"userpassword\" title=\"Please enter password\"  required\/>\r\n\t\t<\/div>\r\n\r\n\t\t\r\n\t\t\r\n\t\t\r\n\t\t<div class=\"login-submit\"><input name=\"login\" type=\"submit\" value=\"Iniciar sesi\u00f3n\" \/><\/div>\r\n\r\n\t\t<div class=\"log-form-group extra-links\">\r\n\t\t\t\t\t<\/div>\r\n\r\n\t\t<\/form>\r\n\r\n\t\t\r\n\t\t<\/div>\r\n\r\n<\/div>\r\n\r\n<\/div>\n<div><\/div>\n<div><a href=\"https:\/\/cobcm.net\/wp-login.php?action=lostpassword\">Renovar contrase\u00f1a<\/a><\/div>\n<div><\/div>\n<div><a href=\"https:\/\/cobcm.net\/wp-content\/uploads\/2019\/08\/Instrucciones-acceso-COBCM-y-VUE-COBCM-v2.pdf\">[Instrucciones de acceso y renovaci\u00f3n de contrase\u00f1a WEB y VUE para Colegiados (pdf)]<\/a><\/div>\n","protected":false},"excerpt":{"rendered":"<p>Renovar contrase\u00f1a [Instrucciones de acceso y renovaci\u00f3n de contrase\u00f1a WEB y VUE para Colegiados (pdf)]<\/p>\n","protected":false},"author":1,"featured_media":0,"parent":0,"menu_order":0,"comment_status":"closed","ping_status":"closed","template":"","meta":{"_acf_changed":false,"footnotes":""},"class_list":["post-24","page","type-page","status-publish","hentry"],"acf":[],"_links":{"self":[{"href":"https:\/\/cobcm.net\/vue\/wp-json\/wp\/v2\/pages\/24"}],"collection":[{"href":"https:\/\/cobcm.net\/vue\/wp-json\/wp\/v2\/pages"}],"about":[{"href":"https:\/\/cobcm.net\/vue\/wp-json\/wp\/v2\/types\/page"}],"author":[{"embeddable":true,"href":"https:\/\/cobcm.net\/vue\/wp-json\/wp\/v2\/users\/1"}],"replies":[{"embeddable":true,"href":"https:\/\/cobcm.net\/vue\/wp-json\/wp\/v2\/comments?post=24"}],"version-history":[{"count":22,"href":"https:\/\/cobcm.net\/vue\/wp-json\/wp\/v2\/pages\/24\/revisions"}],"predecessor-version":[{"id":1466,"href":"https:\/\/cobcm.net\/vue\/wp-json\/wp\/v2\/pages\/24\/revisions\/1466"}],"wp:attachment":[{"href":"https:\/\/cobcm.net\/vue\/wp-json\/wp\/v2\/media?parent=24"}],"curies":[{"name":"wp","href":"https:\/\/api.w.org\/{rel}","templated":true}]}}