





{"id":399,"date":"2018-06-21T01:48:54","date_gmt":"2018-06-20T23:48:54","guid":{"rendered":"https:\/\/cobcm.net\/vue\/?page_id=399"},"modified":"2018-06-21T01:49:01","modified_gmt":"2018-06-20T23:49:01","slug":"solicitud-de-colegiacion","status":"publish","type":"page","link":"https:\/\/cobcm.net\/vue\/solicitud-de-colegiacion\/","title":{"rendered":"Colegiaci\u00f3n"},"content":{"rendered":"\n<div class=\"wpcf7 no-js\" id=\"wpcf7-f398-o1\" lang=\"es-ES\" dir=\"ltr\" data-wpcf7-id=\"398\">\n<div class=\"screen-reader-response\"><p role=\"status\" aria-live=\"polite\" aria-atomic=\"true\"><\/p> <ul><\/ul><\/div>\n<form action=\"\/vue\/wp-json\/wp\/v2\/pages\/399#wpcf7-f398-o1\" method=\"post\" class=\"wpcf7-form init cf7-style minimal-brown\" aria-label=\"Formulario de contacto\" novalidate=\"novalidate\" data-status=\"init\">\n<div style=\"display: none;\">\n<input type=\"hidden\" name=\"_wpcf7\" value=\"398\" \/>\n<input type=\"hidden\" name=\"_wpcf7_version\" value=\"6.0.5\" \/>\n<input type=\"hidden\" name=\"_wpcf7_locale\" value=\"es_ES\" \/>\n<input type=\"hidden\" name=\"_wpcf7_unit_tag\" value=\"wpcf7-f398-o1\" \/>\n<input type=\"hidden\" name=\"_wpcf7_container_post\" value=\"0\" \/>\n<input type=\"hidden\" name=\"_wpcf7_posted_data_hash\" value=\"\" \/>\n<input type=\"hidden\" name=\"_wpcf7dtx_version\" value=\"5.0.4\" \/>\n<\/div>\n<div class=\"uacf7-form-wrapper-container uacf7-form-398  \"><p>Si quieres realizar tu solicitud en papel utiliza la informaci\u00f3n indicada en la pa\u01f5ina web <a href=\"http:\/\/cobcm.net\/como-colegiarse\/\">C\u00f3mo colegiarse.<\/a><\/p>\n<br \/><br \/><p>Antes de comenzar a cumplimentar la solicitud necesitas la siguiente documentaci\u00f3n para adjuntarla, en formato PDF:<\/p>\n<ul>\n<li><a href=\"https:\/\/cobcm.net\/wp-content\/uploads\/2025\/02\/Formulario-de-colegiacion-1.pdf\">Formulario de colegiaci\u00f3n firmado digitalmente.<\/a> (<a href=\"https:\/\/firmaelectronica.gob.es\/Home\/Ciudadanos\/Firma-Electronica.html#como_firmo\" target=\"_blank\">\u00bfC\u00f3mo se firma digitalmente un documento?<\/a> <a href=\"https:\/\/firmaelectronica.gob.es\/Home\/Ciudadanos\/Certificados-Electronicos.html\" target=\"_blank\">Obtener certificado electr\u00f3nico.<\/a>)<\/li>\n<li>T\u00edtulo por ambas caras o certificado sustitutorio del t\u00edtulo oficial que contenga el n\u00ba del Registro Nacional de T\u00edtulos.<\/li>\n\n\n<li>DNI por las dos caras.<\/li>\n<li>Si hace menos de un a\u00f1o que acabaste la carrera, certificado de estudios.<\/li>\n<li>En los casos de titulaciones extranjeras, se presentar\u00e1 adem\u00e1s del T\u00edtulo, la Homologaci\u00f3n o Equivalencia (desde 22\/11\/2014) del mismo otorgada por el Ministerio de Educaci\u00f3n, Cultura y Deporte <a href=\"http:\/\/www.mecd.gob.es\/servicios-al-ciudadano-mecd\/catalogo\/educacion\/gestion-titulos\/estudios-universitarios\/titulos-extranjeros\/equivalencia-educacion-superior.html\" target=\"_blank\">(M\u00e1s informaci\u00f3n aqu\u00ed).<\/a><\/li>\n\n<li>La tarjeta de demanda de empleo, actualizada, si est\u00e1s en paro.<\/li>\n<li>Una fotograf\u00eda tama\u00f1o carnet.<\/li>\n<li>Comprobante del ingreso en efectivo o transferencia a la cuenta del COBCM ES06 0081 0216 7700 0210 1417 del importe de la cuota de inscripci\u00f3n m\u00e1s la parte proporcional del semestre en curso. Sobre el importe de la cuota a abonar en el momento de colegiarse, <a href=\"https:\/\/cobcm.net\/wp-content\/uploads\/2026\/02\/CUOTAS-COLEGIALES-PARTE-POROPORCIONAL-SEMESTRE-EN-CURSO-WEB-2026-2027.pdf\" target=\"_blank\">m\u00e1s informaci\u00f3n aqu\u00ed.<\/a> <\/li>\n<\/ul>\n\n<p><strong>Todos los archivos han de estar en formato pdf y comprimidos en un solo archivo zip para adjuntarlo en el proceso de solicitud.<\/strong><\/p>\n<p style=\"text-align:center\"><a href=\"https:\/\/cobcm.e-gestion.es\/Ventanilla\/InicioVU.aspx\" target=\"_blank\">Accede al servicio de Ventanilla \u00danica e-gesti\u00f3n para la Colegiaci\u00f3n con este enlace.<\/a><\/p><\/div><div class=\"wpcf7-response-output\" aria-hidden=\"true\"><\/div>\n<\/form>\n<\/div>\n\n","protected":false},"excerpt":{"rendered":"","protected":false},"author":1,"featured_media":0,"parent":0,"menu_order":0,"comment_status":"closed","ping_status":"closed","template":"","meta":{"_acf_changed":false,"footnotes":""},"class_list":["post-399","page","type-page","status-publish","hentry"],"acf":[],"_links":{"self":[{"href":"https:\/\/cobcm.net\/vue\/wp-json\/wp\/v2\/pages\/399"}],"collection":[{"href":"https:\/\/cobcm.net\/vue\/wp-json\/wp\/v2\/pages"}],"about":[{"href":"https:\/\/cobcm.net\/vue\/wp-json\/wp\/v2\/types\/page"}],"author":[{"embeddable":true,"href":"https:\/\/cobcm.net\/vue\/wp-json\/wp\/v2\/users\/1"}],"replies":[{"embeddable":true,"href":"https:\/\/cobcm.net\/vue\/wp-json\/wp\/v2\/comments?post=399"}],"version-history":[{"count":2,"href":"https:\/\/cobcm.net\/vue\/wp-json\/wp\/v2\/pages\/399\/revisions"}],"predecessor-version":[{"id":401,"href":"https:\/\/cobcm.net\/vue\/wp-json\/wp\/v2\/pages\/399\/revisions\/401"}],"wp:attachment":[{"href":"https:\/\/cobcm.net\/vue\/wp-json\/wp\/v2\/media?parent=399"}],"curies":[{"name":"wp","href":"https:\/\/api.w.org\/{rel}","templated":true}]}}