





{"id":416,"date":"2018-06-22T10:04:13","date_gmt":"2018-06-22T08:04:13","guid":{"rendered":"https:\/\/cobcm.net\/vue\/?page_id=416"},"modified":"2025-06-09T09:01:19","modified_gmt":"2025-06-09T08:01:19","slug":"pre-colegiacion","status":"publish","type":"page","link":"https:\/\/cobcm.net\/vue\/pre-colegiacion\/","title":{"rendered":"Pre-Colegiaci\u00f3n"},"content":{"rendered":"\n<p>La <a href=\"https:\/\/cobcm.net\/como-precolegiarse\/\">precolegiaci\u00f3n<\/a> facilita a los estudiantes Biolog\u00eda el acceso a la informaci\u00f3n colegial y a algunos de los servicios prestados por el COBCM a sus colegiados.<\/p>\n\n\n\n<p><strong>Documentaci\u00f3n necesaria para precolegiarse<\/strong><\/p>\n\n\n\n<ul class=\"wp-block-list\">\n<li><a href=\"https:\/\/cobcm.net\/wp-content\/uploads\/2023\/10\/Inscripcion-precolegiado-COBCM.pdf\">Formulario solicitud precolegiaci\u00f3n cumplimentado y firmado<\/a><\/li>\n\n\n\n<li>Original y fotocopia del impreso de matriculaci\u00f3n en el curso actual.<\/li>\n\n\n\n<li>Pago de la cuota para el curso actual: 15,00 \u20ac para estudiantes de \u00faltimo curso y 10 \u20ac para el resto, mediante transferencia a la cuenta ES06-0081-0216-7700-0210-1417.<\/li>\n<\/ul>\n\n\n\n<p>Formaliza tu precolegiaci\u00f3n en el COBCM desde la <a href=\"https:\/\/cobcm.e-gestion.es\/Ventanilla\/EditRegistroVUPublica.aspx?Tipo=9\" target=\"_blank\" rel=\"noreferrer noopener nofollow\">nueva sede electr\u00f3nica del COBCM en este enlace<\/a>.<\/p>\n","protected":false},"excerpt":{"rendered":"<p>La precolegiaci\u00f3n facilita a los estudiantes Biolog\u00eda el acceso a la informaci\u00f3n colegial y a algunos de los servicios prestados por el COBCM a sus colegiados. Documentaci\u00f3n necesaria para precolegiarse Formaliza tu precolegiaci\u00f3n en el COBCM desde la nueva sede electr\u00f3nica del COBCM en este enlace.<\/p>\n","protected":false},"author":1,"featured_media":0,"parent":0,"menu_order":0,"comment_status":"closed","ping_status":"closed","template":"","meta":{"_acf_changed":false,"footnotes":""},"class_list":["post-416","page","type-page","status-publish","hentry"],"acf":[],"_links":{"self":[{"href":"https:\/\/cobcm.net\/vue\/wp-json\/wp\/v2\/pages\/416"}],"collection":[{"href":"https:\/\/cobcm.net\/vue\/wp-json\/wp\/v2\/pages"}],"about":[{"href":"https:\/\/cobcm.net\/vue\/wp-json\/wp\/v2\/types\/page"}],"author":[{"embeddable":true,"href":"https:\/\/cobcm.net\/vue\/wp-json\/wp\/v2\/users\/1"}],"replies":[{"embeddable":true,"href":"https:\/\/cobcm.net\/vue\/wp-json\/wp\/v2\/comments?post=416"}],"version-history":[{"count":2,"href":"https:\/\/cobcm.net\/vue\/wp-json\/wp\/v2\/pages\/416\/revisions"}],"predecessor-version":[{"id":13502,"href":"https:\/\/cobcm.net\/vue\/wp-json\/wp\/v2\/pages\/416\/revisions\/13502"}],"wp:attachment":[{"href":"https:\/\/cobcm.net\/vue\/wp-json\/wp\/v2\/media?parent=416"}],"curies":[{"name":"wp","href":"https:\/\/api.w.org\/{rel}","templated":true}]}}